{"id":3619,"date":"2022-12-07T20:08:39","date_gmt":"2022-12-07T19:08:39","guid":{"rendered":"https:\/\/buesalmon.com\/fresh-island-salmon\/"},"modified":"2023-05-15T11:47:42","modified_gmt":"2023-05-15T09:47:42","slug":"fresh-island-salmon","status":"publish","type":"page","link":"https:\/\/buesalmon.com\/no\/buelaks\/fresh-island-salmon\/","title":{"rendered":"Fresh Island Salmon"},"content":{"rendered":"\n<section class=\"pb-hero layout-standard lightbrown\" data-sectioncolor=\"white\" id=\"hero-bg\">\n\n\n    \n            \n\n        <div class=\"block-inner\">\n\n            \n            <div class=\"structure-grid full side-padding grid-12 grid-m-8 grid-s-4 rg-s-40\">\n                <div class=\"left-col\">\n\n                    \n                                                <h1>Sunn, sterk og smakfull.<\/h1>\n                        \n                    \n\n                    \n                                                <p class=\"lead\">Buelaksen er naturlig friskere, fastere og sterkere. Formet motstr\u00f8ms og h\u00f8stet i sin beste form, er dette en sunn og smakfull delikatesse. Et helt spesielt uttrykk av ren motstandskraft. En uts\u00f8kt smak fra et unikt opphav.<\/p>\n                        \n                                        \n                                        <div class=\"close-button-wrap\">\n                        <div class=\"fadetop\"><\/div>\n                        <div class=\"button-holder\">\n                                                            <!-- <button class=\"button-icon back-to-home\">Tilbake<\/button> -->\n                                <a class=\"button-icon back-to-home\" href=\"https:\/\/buesalmon.com\/no\/\">Tilbake<\/a>\n                                                    <\/div>\n                    <\/div>\n                    \n                <\/div>\n                <div class=\"right-col\">\n\n                                        <div class=\"the-content\">\n                        <p><a href=\"https:\/\/buesalmon.com\/wp-content\/uploads\/Skjermbilde-2022-10-10-kl.-13.41.29.png\"><img loading=\"lazy\" decoding=\"async\" class=\"alignnone size-medium wp-image-1488\" src=\"https:\/\/buesalmon.com\/wp-content\/uploads\/Skjermbilde-2022-10-10-kl.-13.41.29-720x481.png\" alt=\"\" width=\"720\" height=\"481\" srcset=\"https:\/\/buesalmon.com\/wp-content\/uploads\/Skjermbilde-2022-10-10-kl.-13.41.29-720x481.png 720w, https:\/\/buesalmon.com\/wp-content\/uploads\/Skjermbilde-2022-10-10-kl.-13.41.29-1280x855.png 1280w, https:\/\/buesalmon.com\/wp-content\/uploads\/Skjermbilde-2022-10-10-kl.-13.41.29-768x513.png 768w, https:\/\/buesalmon.com\/wp-content\/uploads\/Skjermbilde-2022-10-10-kl.-13.41.29-1536x1026.png 1536w, https:\/\/buesalmon.com\/wp-content\/uploads\/Skjermbilde-2022-10-10-kl.-13.41.29.png 2048w, https:\/\/buesalmon.com\/wp-content\/uploads\/Skjermbilde-2022-10-10-kl.-13.41.29-150x100.png 150w\" sizes=\"auto, (max-width: 720px) 100vw, 720px\" \/><\/a><\/p>\n<p>Vi tror p\u00e5 at v\u00e5re omgivelser former oss. Buelaksen sv\u00f8mmer motstr\u00f8ms i rent vann hentet direkte inn fra det \u00e5pne havet i Nord-atlanteren. Den er formet av en naturlig motstandskraft som skaper en sunnere og fastere fisk. Dette gj\u00f8r Buelaksen til en delikatesse for den som jakter den ultimate smaksopplevelsen.<\/p>\n<p>Omgitt av det rene vannet fra Nord-atlanteren og de sterke str\u00f8mmene, mener vi at laksen fra Bulandet smaker annerledes. En frisk, fast og fyldig smakseksposjon i hver bit.<\/p>\n                    <\/div>\n                    \n                <\/div>\n            <\/div>\n\n        <\/div>\n\n\n    \n\n    <style>@-webkit-keyframes wave-text{00%{-webkit-transform:translateY(0em);transform:translateY(0em)}60%{-webkit-transform:translateY(0.03em);transform:translateY(0.03em)}to{-webkit-transform:translateY(0em);transform:translateY(0em)}}@keyframes wave-text{00%{-webkit-transform:translateY(0em);transform:translateY(0em)}60%{-webkit-transform:translateY(0.03em);transform:translateY(0.03em)}to{-webkit-transform:translateY(0em);transform:translateY(0em)}}section.pb-hero{position:relative}section.pb-hero a{color:inherit}section.pb-hero .back-to-home{display:-webkit-box;display:-ms-flexbox;display:flex;-webkit-box-align:center;-ms-flex-align:center;align-items:center;font-size:1rem;cursor:pointer;color:#333333;text-decoration:none}section.pb-hero .back-to-home:after,section.pb-hero .back-to-home:before{font-family:\"icomoon\";display:-webkit-box;display:-ms-flexbox;display:flex;-webkit-box-align:center;-ms-flex-align:center;align-items:center;-webkit-box-pack:center;-ms-flex-pack:center;justify-content:center;border-radius:50%;border:1px solid #333333;font-size:51%;color:#333333;-webkit-filter:drop-shadow(0 3px 6px rgba(51,51,51,0.3));filter:drop-shadow(0 3px 6px rgba(51,51,51,0.3));-webkit-transition:color 0.3s,background 0.3s;transition:color 0.3s,background 0.3s}@media screen and (min-width:90em){section.pb-hero .back-to-home:after,section.pb-hero .back-to-home:before{width:49px;height:49px}}@media screen and (max-width:89.9375em){section.pb-hero .back-to-home:after,section.pb-hero .back-to-home:before{width:43px;height:43px}}section.pb-hero .back-to-home:before{content:\"\\e900\"}@media screen and (min-width:90em){section.pb-hero .back-to-home:before{margin-right:1.3125rem}}@media screen and (max-width:89.9375em){section.pb-hero .back-to-home:before{margin-right:1.125rem}}section.pb-hero .back-to-home:hover:after,section.pb-hero .back-to-home:hover:before{background:#333333;color:#EDECE8}section.pb-hero.black .back-to-home,section.pb-hero.lightbrown .back-to-home,section.pb-hero.orange .back-to-home{color:#EDECE8}section.pb-hero.black .back-to-home:after,section.pb-hero.black .back-to-home:before,section.pb-hero.lightbrown .back-to-home:after,section.pb-hero.lightbrown .back-to-home:before,section.pb-hero.orange .back-to-home:after,section.pb-hero.orange .back-to-home:before{border-color:#EDECE8;color:#EDECE8}section.pb-hero.black .back-to-home:hover:after,section.pb-hero.black .back-to-home:hover:before,section.pb-hero.lightbrown .back-to-home:hover:after,section.pb-hero.lightbrown .back-to-home:hover:before,section.pb-hero.orange .back-to-home:hover:after,section.pb-hero.orange .back-to-home:hover:before{background:#EDECE8;color:#333333}section.pb-hero .bg-grid .bg-col{-ms-grid-column:1;-ms-grid-column-span:2;grid-column:1\/3;-ms-grid-row:1;-ms-grid-row-span:1;grid-row:1\/2}section.pb-hero .bg-grid .content-col{-ms-grid-column:1;-ms-grid-column-span:2;grid-column:1\/3;-ms-grid-row:1;-ms-grid-row-span:1;grid-row:1\/2;z-index:2}section.pb-hero .bg-grid{-webkit-transition:1s ease-in-out;transition:1s ease-in-out}section.pb-hero .bg-grid .bg-col{width:100%;overflow:hidden;position:relative;text-align:left}section.pb-hero .bg-grid .bg-col img,section.pb-hero .bg-grid .bg-col video{width:100%;height:100%;font-family:\"object-fit:cover\";-o-object-fit:cover;object-fit:cover;position:absolute;z-index:1}section.pb-hero .p5Canvas{width:100%!important;height:100%!important;position:absolute;top:0px;z-index:1}section.pb-hero.layout-2-col h1{line-height:1.1;font-weight:300}@media screen and (min-width:90em){section.pb-hero.layout-2-col h1{font-size:1.5625rem}}@media screen and (min-width:62em) and (max-width:89.9375em){section.pb-hero.layout-2-col h1{font-size:1.5625rem}}@media screen and (min-width:48em) and (max-width:61.9375em){section.pb-hero.layout-2-col h1{font-size:1.25rem}}@media screen and (max-width:47.9375em){section.pb-hero.layout-2-col h1{font-size:1.25rem}}section.pb-hero.layout-2-col h1:not(:last-child){margin-bottom:1.4375rem}section.pb-hero.layout-2-col .lead{font-weight:300;line-height:1.35}@media screen and (min-width:90em){section.pb-hero.layout-2-col .lead{font-size:1.5625rem}}@media screen and (min-width:62em) and (max-width:89.9375em){section.pb-hero.layout-2-col .lead{font-size:1.5625rem}}@media screen and (min-width:48em) and (max-width:61.9375em){section.pb-hero.layout-2-col .lead{font-size:1.25rem}}@media screen and (max-width:47.9375em){section.pb-hero.layout-2-col .lead{font-size:1.25rem}}section.pb-hero.layout-2-col .a-span{display:block}section.pb-hero.layout-2-col .a-span a{text-decoration:none}section.pb-hero.layout-2-col .email a,section.pb-hero.layout-2-col .phone a{-webkit-transition:opacity 0.3s;transition:opacity 0.3s}section.pb-hero.layout-2-col .email a:hover,section.pb-hero.layout-2-col .phone a:hover{opacity:0.8}@media screen and (max-width:61.9375em){section.pb-hero.layout-2-col .right-col.hide-on-mobile{display:none}}@media screen and (min-width:90em){section.pb-hero.layout-2-col .bg-grid .content-col{padding:7.25rem 0}}@media screen and (min-width:62em) and (max-width:89.9375em){section.pb-hero.layout-2-col .bg-grid .content-col{padding:5.625rem 0}}@media screen and (min-width:48em) and (max-width:61.9375em){section.pb-hero.layout-2-col .bg-grid .content-col{padding:4.625rem 0 4.625rem 0}section.pb-hero.layout-2-col .lead .email,section.pb-hero.layout-2-col .lead .phone{font-size:1.875rem}}@media screen and (max-width:47.9375em){section.pb-hero.layout-2-col .bg-grid .content-col{padding:5.25rem 0 5.25rem 0}section.pb-hero.layout-2-col .lead .email,section.pb-hero.layout-2-col .lead .phone{font-size:1.875rem}}@media screen and (min-width:106.25em){section.pb-hero.layout-2-col .structure-grid .left-col{-ms-grid-column:1;-ms-grid-column-span:4;grid-column:1\/5}section.pb-hero.layout-2-col .structure-grid .right-col{-ms-grid-column:7;-ms-grid-column-span:4;grid-column:7\/11}}@media screen and (min-width:90em) and (max-width:106.1875em){section.pb-hero.layout-2-col .structure-grid .left-col{-ms-grid-column:1;-ms-grid-column-span:5;grid-column:1\/6}section.pb-hero.layout-2-col .structure-grid .right-col{-ms-grid-column:7;-ms-grid-column-span:5;grid-column:7\/12}}@media screen and (min-width:62em) and (max-width:89.9375em){section.pb-hero.layout-2-col .structure-grid .left-col{-ms-grid-column:1;-ms-grid-column-span:6;grid-column:1\/7}section.pb-hero.layout-2-col .structure-grid .right-col{-ms-grid-column:7;-ms-grid-column-span:6;grid-column:7\/13}}@media screen and (min-width:48em) and (max-width:61.9375em){section.pb-hero.layout-2-col .structure-grid .left-col{-ms-grid-column:1;-ms-grid-column-span:5;grid-column:1\/6;-ms-grid-row:1;grid-row:1}section.pb-hero.layout-2-col .structure-grid .right-col{-ms-grid-column:1;-ms-grid-column-span:5;grid-column:1\/6;-ms-grid-row:2;grid-row:2}}@media screen and (max-width:47.9375em){section.pb-hero.layout-2-col .structure-grid .left-col{-ms-grid-column:1;-ms-grid-column-span:4;grid-column:1\/5}section.pb-hero.layout-2-col .structure-grid .right-col{-ms-grid-column:1;-ms-grid-column-span:4;grid-column:1\/5}}@media screen and (min-width:90em){section.pb-hero.layout-with-image{height:857px}}@media screen and (min-width:62em) and (max-width:89.9375em){section.pb-hero.layout-with-image{height:700px}}@media screen and (min-width:48em) and (max-width:61.9375em){section.pb-hero.layout-with-image{height:497px}}@media screen and (max-width:47.9375em){section.pb-hero.layout-with-image{height:505px}}section.pb-hero.layout-with-image h1{line-height:1.1;font-weight:300}@media screen and (min-width:106.25em){section.pb-hero.layout-with-image h1{font-size:3.9375rem}}@media screen and (min-width:90em) and (max-width:106.1875em){section.pb-hero.layout-with-image h1{font-size:3.125rem}}@media screen and (min-width:62em) and (max-width:89.9375em){section.pb-hero.layout-with-image h1{font-size:3.125rem}}@media screen and (min-width:48em) and (max-width:61.9375em){section.pb-hero.layout-with-image h1{font-size:2.5rem}}@media screen and (max-width:47.9375em){section.pb-hero.layout-with-image h1{font-size:2.5rem}}@media screen and (min-width:90em){section.pb-hero.layout-with-image h1:not(:last-child){margin-bottom:1.5625rem}}@media screen and (min-width:62em) and (max-width:89.9375em){section.pb-hero.layout-with-image h1:not(:last-child){margin-bottom:1.125rem}}@media screen and (min-width:48em) and (max-width:61.9375em){section.pb-hero.layout-with-image h1:not(:last-child){margin-bottom:1.125rem}}@media screen and (max-width:47.9375em){section.pb-hero.layout-with-image h1:not(:last-child){margin-bottom:1.125rem}}@media screen and (min-width:90em){section.pb-hero.layout-with-image .lead:not(:last-child){margin-bottom:2rem}}@media screen and (min-width:62em) and (max-width:89.9375em){section.pb-hero.layout-with-image .lead:not(:last-child){margin-bottom:2rem}}@media screen and (min-width:48em) and (max-width:61.9375em){section.pb-hero.layout-with-image .lead:not(:last-child){margin-bottom:2rem}}@media screen and (max-width:47.9375em){section.pb-hero.layout-with-image .lead:not(:last-child){margin-bottom:2rem}}section.pb-hero.layout-with-image .bg-grid{height:100%}@media screen and (min-width:106.25em){section.pb-hero.layout-with-image .bg-grid .content-col{padding:4.0625rem 0}}@media screen and (min-width:90em) and (max-width:106.1875em){section.pb-hero.layout-with-image .bg-grid .content-col{padding:4.0625rem 0}}@media screen and (min-width:62em) and (max-width:89.9375em){section.pb-hero.layout-with-image .bg-grid .content-col{padding:4.0625rem 0}}@media screen and (min-width:48em) and (max-width:61.9375em){section.pb-hero.layout-with-image .bg-grid .content-col{padding:4.625rem 0}}@media screen and (max-width:47.9375em){section.pb-hero.layout-with-image .bg-grid .content-col{padding:3rem 0}}section.pb-hero.layout-with-image .structure-grid{height:100%}section.pb-hero.layout-with-image .structure-grid .left-col{display:-webkit-box;display:-ms-flexbox;display:flex;-webkit-box-orient:vertical;-webkit-box-direction:normal;-ms-flex-flow:column nowrap;flex-flow:column nowrap}section.pb-hero.layout-with-image .structure-grid .left-col>div{margin-top:auto}section.pb-hero.layout-with-image .bg-grid .bg-col .gradient{width:100%;position:absolute;bottom:0;left:0;z-index:2;background:-webkit-gradient(linear,left bottom,left top,from(#333333),to(rgba(51,51,51,0)));background:linear-gradient(0deg,#333333 0%,rgba(51,51,51,0) 100%)}@media screen and (min-width:90em){section.pb-hero.layout-with-image .bg-grid .bg-col .gradient{height:429px}}@media screen and (min-width:62em) and (max-width:89.9375em){section.pb-hero.layout-with-image .bg-grid .bg-col .gradient{height:390px}}@media screen and (min-width:48em) and (max-width:61.9375em){section.pb-hero.layout-with-image .bg-grid .bg-col .gradient{height:350px}}@media screen and (max-width:47.9375em){section.pb-hero.layout-with-image .bg-grid .bg-col .gradient{height:290px}}@media screen and (min-width:106.25em){section.pb-hero.layout-with-image .structure-grid .left-col{-ms-grid-column:1;-ms-grid-column-span:4;grid-column:1\/5}}@media screen and (min-width:90em) and (max-width:106.1875em){section.pb-hero.layout-with-image .structure-grid .left-col{-ms-grid-column:1;-ms-grid-column-span:5;grid-column:1\/6}}@media screen and (min-width:62em) and (max-width:89.9375em){section.pb-hero.layout-with-image .structure-grid .left-col{-ms-grid-column:1;-ms-grid-column-span:6;grid-column:1\/7}}@media screen and (min-width:48em) and (max-width:61.9375em){section.pb-hero.layout-with-image .structure-grid .left-col{-ms-grid-column:1;-ms-grid-column-span:4;grid-column:1\/5}}@media screen and (max-width:47.9375em){section.pb-hero.layout-with-image .structure-grid .left-col{-ms-grid-column:1;-ms-grid-column-span:4;grid-column:1\/5}}@media screen and (min-width:106.25em){section.pb-hero.layout-standard .block-inner{padding:4.0625rem 0}}@media screen and (min-width:90em) and (max-width:106.1875em){section.pb-hero.layout-standard .block-inner{padding:4.0625rem 0}}@media screen and (min-width:62em) and (max-width:89.9375em){section.pb-hero.layout-standard .block-inner{padding:4.0625rem 0}}@media screen and (min-width:48em) and (max-width:61.9375em){section.pb-hero.layout-standard .block-inner{padding:4.625rem 0}}@media screen and (max-width:47.9375em){section.pb-hero.layout-standard .block-inner{padding:3rem 0}}section.pb-hero.layout-standard .lead{font-weight:300;line-height:1.35}@media screen and (min-width:90em){section.pb-hero.layout-standard .lead{font-size:1.5625rem}}@media screen and (min-width:62em) and (max-width:89.9375em){section.pb-hero.layout-standard .lead{font-size:1.5625rem}}@media screen and (min-width:48em) and (max-width:61.9375em){section.pb-hero.layout-standard .lead{font-size:1.25rem}}@media screen and (max-width:47.9375em){section.pb-hero.layout-standard .lead{font-size:1.25rem}}section.pb-hero.layout-standard h1{line-height:1.1;font-weight:300}@media screen and (min-width:106.25em){section.pb-hero.layout-standard h1{font-size:3.9375rem}section.pb-hero.layout-standard h1.front{font-size:5.1875rem}}@media screen and (min-width:90em) and (max-width:106.1875em){section.pb-hero.layout-standard h1{font-size:3.9375rem}section.pb-hero.layout-standard h1.front{font-size:4.625rem}}@media screen and (min-width:1430px) and (max-width:1450px){section.pb-hero.layout-standard h1{font-size:3.125rem}}@media screen and (min-width:62em) and (max-width:89.9375em){section.pb-hero.layout-standard h1{font-size:3.625rem}}@media screen and (min-width:48em) and (max-width:61.9375em){section.pb-hero.layout-standard h1{font-size:3.125rem}}@media screen and (max-width:47.9375em){section.pb-hero.layout-standard h1{font-size:2.9375rem}}@media screen and (min-width:90em){section.pb-hero.layout-standard h1:not(:last-child){margin-bottom:2.5rem}section.pb-hero.layout-standard .lead:not(:last-child){margin-bottom:5rem}}@media screen and (min-width:62em) and (max-width:89.9375em){section.pb-hero.layout-standard h1:not(:last-child){margin-bottom:2.5rem}section.pb-hero.layout-standard .lead:not(:last-child){margin-bottom:3.75rem}}@media screen and (min-width:48em) and (max-width:61.9375em){section.pb-hero.layout-standard h1:not(:last-child){margin-bottom:3.125rem}section.pb-hero.layout-standard .lead:not(:last-child){margin-bottom:3.125rem}}@media screen and (max-width:47.9375em){section.pb-hero.layout-standard h1:not(:last-child){margin-bottom:2.5rem}section.pb-hero.layout-standard .lead:not(:last-child){margin-bottom:2.5rem}}@media screen and (min-width:90em){section.pb-hero.layout-standard .structure-grid .left-col{-ms-grid-column:1;-ms-grid-column-span:5;grid-column:1\/6}section.pb-hero.layout-standard .structure-grid .right-col{-ms-grid-column:7;-ms-grid-column-span:6;grid-column:7\/13}}@media screen and (min-width:62em) and (max-width:89.9375em){section.pb-hero.layout-standard .structure-grid .left-col{-ms-grid-column:1;-ms-grid-column-span:5;grid-column:1\/6}section.pb-hero.layout-standard .structure-grid .right-col{-ms-grid-column:7;-ms-grid-column-span:6;grid-column:7\/13}}@media screen and (min-width:48em) and (max-width:61.9375em){section.pb-hero.layout-standard .structure-grid .left-col{-ms-grid-column:1;-ms-grid-column-span:4;grid-column:1\/5}section.pb-hero.layout-standard .structure-grid .right-col{-ms-grid-column:5;-ms-grid-column-span:4;grid-column:5\/9}}@media screen and (max-width:47.9375em){section.pb-hero.layout-standard .structure-grid .left-col{-ms-grid-column:1;-ms-grid-column-span:4;grid-column:1\/5}section.pb-hero.layout-standard .structure-grid .right-col{-ms-grid-column:1;-ms-grid-column-span:4;grid-column:1\/5}}@media screen and (max-width:89.9375em){section.pb-hero.layout-standard .close-button-wrap{position:fixed;left:0;bottom:0;z-index:5;display:block;-webkit-transition:opacity 0.3s;transition:opacity 0.3s}section.pb-hero.layout-standard .close-button-wrap .fadetop{height:40px;display:block;background:-webkit-gradient(linear,left bottom,left top,from(#EDECE8),to(rgba(237,236,232,0)));background:linear-gradient(0deg,#EDECE8 0%,rgba(237,236,232,0) 100%)}section.pb-hero.layout-standard .close-button-wrap .button-holder{background:#EDECE8}section.pb-hero.layout-standard .close-button-wrap.hide{opacity:0;pointer-events:none;-webkit-transition:opacity 0.3s;transition:opacity 0.3s}section.pb-hero.layout-standard.black .close-button-wrap .fadetop{background:-webkit-gradient(linear,left bottom,left top,from(#333333),to(rgba(51,51,51,0)));background:linear-gradient(0deg,#333333 0%,rgba(51,51,51,0) 100%)}section.pb-hero.layout-standard.black .close-button-wrap .button-holder{background:#333333}section.pb-hero.layout-standard.lightbrown .close-button-wrap .fadetop{background:-webkit-gradient(linear,left bottom,left top,from(#B2ABA1),to(rgba(178,171,161,0)));background:linear-gradient(0deg,#B2ABA1 0%,rgba(178,171,161,0) 100%)}section.pb-hero.layout-standard.lightbrown .close-button-wrap .button-holder{background:#B2ABA1}section.pb-hero.layout-standard.orange .close-button-wrap .fadetop{background:-webkit-gradient(linear,left bottom,left top,from(#A16C2E),to(rgba(51,51,51,0)));background:linear-gradient(0deg,#A16C2E 0%,rgba(51,51,51,0) 100%)}section.pb-hero.layout-standard.orange .close-button-wrap .button-holder{background:#A16C2E}}@media screen and (min-width:62em) and (max-width:89.9375em){section.pb-hero.layout-standard .close-button-wrap{width:49.4%}section.pb-hero.layout-standard .close-button-wrap .button-holder{padding-top:1.25rem;padding-bottom:65px;padding-left:48px;padding-right:48px}}@media screen and (min-width:48em) and (max-width:61.9375em){section.pb-hero.layout-standard .close-button-wrap{width:49.4%}section.pb-hero.layout-standard .close-button-wrap .button-holder{padding-top:1.25rem;padding-bottom:74px;padding-left:48px;padding-right:48px}}@media screen and (max-width:47.9375em){section.pb-hero.layout-standard .close-button-wrap{width:100%}section.pb-hero.layout-standard .close-button-wrap .button-holder{padding-top:0.5rem;padding-bottom:48px;padding-left:36px;padding-right:36px}}@media screen and (min-width:106.25em){body:not(.wp-admin) section.pb-hero.layout-standard:first-child{padding-top:14.4375rem}}@media screen and (min-width:90em) and (max-width:106.1875em){body:not(.wp-admin) section.pb-hero.layout-standard:first-child{padding-top:13.1875rem}}@media screen and (min-width:62em) and (max-width:89.9375em){body:not(.wp-admin) section.pb-hero.layout-standard:first-child{padding-top:11.9375rem}}@media screen and (min-width:48em) and (max-width:61.9375em){body:not(.wp-admin) section.pb-hero.layout-standard:first-child{padding-top:9.4375rem}}@media screen and (max-width:47.9375em){body:not(.wp-admin) section.pb-hero.layout-standard:first-child{padding-top:10.6875rem}}@media screen and (min-width:106.25em){body:not(.wp-admin) section.pb-hero.layout-standard:last-child .block-inner{padding-bottom:10.5625rem}}@media screen and (min-width:90em) and (max-width:106.1875em){body:not(.wp-admin) section.pb-hero.layout-standard:last-child .block-inner{padding-bottom:9.375rem}}@media screen and (min-width:62em) and (max-width:89.9375em){body:not(.wp-admin) section.pb-hero.layout-standard:last-child .block-inner{padding-bottom:9.0625rem}}@media screen and (min-width:48em) and (max-width:61.9375em){body:not(.wp-admin) section.pb-hero.layout-standard:last-child .block-inner{padding-bottom:8.4375rem}}@media screen and (max-width:47.9375em){body:not(.wp-admin) section.pb-hero.layout-standard:last-child .block-inner{padding-bottom:3.75rem}}@media screen and (min-width:106.25em){body:not(.wp-admin) section.pb-hero.layout-2-col:first-child .bg-grid .content-col{padding-top:14.4375rem}}@media screen and (min-width:90em) and (max-width:106.1875em){body:not(.wp-admin) section.pb-hero.layout-2-col:first-child .bg-grid .content-col{padding-top:13.1875rem}}@media screen and (min-width:62em) and (max-width:89.9375em){body:not(.wp-admin) section.pb-hero.layout-2-col:first-child .bg-grid .content-col{padding-top:11.9375rem}}@media screen and (min-width:48em) and (max-width:61.9375em){body:not(.wp-admin) section.pb-hero.layout-2-col:first-child .bg-grid .content-col{padding-top:9.4375rem}}@media screen and (max-width:47.9375em){body:not(.wp-admin) section.pb-hero.layout-2-col:first-child .bg-grid .content-col{padding-top:10.6875rem}}<\/style>    \n<\/section>","protected":false},"excerpt":{"rendered":"<p class=\"lead\">Shaped by the current, this is a naturally fresher, firmer salmon. Harvested at its peak, our fish set an unrivalled standard of tasteful nutrition. A delicate, healthy taste of distinctive origin.<\/p>\n","protected":false},"author":5,"featured_media":0,"parent":3622,"menu_order":0,"comment_status":"closed","ping_status":"closed","template":"","meta":{"_acf_changed":false,"footnotes":""},"class_list":["post-3619","page","type-page","status-publish","hentry"],"acf":[],"_links":{"self":[{"href":"https:\/\/buesalmon.com\/no\/wp-json\/wp\/v2\/pages\/3619","targetHints":{"allow":["GET"]}}],"collection":[{"href":"https:\/\/buesalmon.com\/no\/wp-json\/wp\/v2\/pages"}],"about":[{"href":"https:\/\/buesalmon.com\/no\/wp-json\/wp\/v2\/types\/page"}],"author":[{"embeddable":true,"href":"https:\/\/buesalmon.com\/no\/wp-json\/wp\/v2\/users\/5"}],"replies":[{"embeddable":true,"href":"https:\/\/buesalmon.com\/no\/wp-json\/wp\/v2\/comments?post=3619"}],"version-history":[{"count":10,"href":"https:\/\/buesalmon.com\/no\/wp-json\/wp\/v2\/pages\/3619\/revisions"}],"predecessor-version":[{"id":4119,"href":"https:\/\/buesalmon.com\/no\/wp-json\/wp\/v2\/pages\/3619\/revisions\/4119"}],"up":[{"embeddable":true,"href":"https:\/\/buesalmon.com\/no\/wp-json\/wp\/v2\/pages\/3622"}],"wp:attachment":[{"href":"https:\/\/buesalmon.com\/no\/wp-json\/wp\/v2\/media?parent=3619"}],"curies":[{"name":"wp","href":"https:\/\/api.w.org\/{rel}","templated":true}]}}