{"id":3623,"date":"2022-12-07T20:04:35","date_gmt":"2022-12-07T19:04:35","guid":{"rendered":"https:\/\/buesalmon.com\/islanders\/"},"modified":"2023-05-11T12:19:49","modified_gmt":"2023-05-11T10:19:49","slug":"oyboere","status":"publish","type":"page","link":"https:\/\/buesalmon.com\/no\/bue\/oyboere\/","title":{"rendered":"\u00d8yboere"},"content":{"rendered":"\n<section class=\"pb-hero layout-standard \" data-sectioncolor=\"dark\" id=\"hero-bg\">\n\n\n    \n            \n\n        <div class=\"block-inner\">\n\n            \n            <div class=\"structure-grid full side-padding grid-12 grid-m-8 grid-s-4 rg-s-40\">\n                <div class=\"left-col\">\n\n                    \n                                                <h1>I ett med elementene<\/h1>\n                        \n                    \n\n                    \n                                                <p class=\"lead\">P\u00e5 Bulandet er vi vant til \u00e5 jobbe med, mot og i ett med naturkreftene. Her bygger motstand karakter og fellesskap. Sterk vestavind og havstr\u00f8mninger gj\u00f8r oss sterkere og sunnere \u2013 b\u00e5de fisk og folk.<\/p>\n                        \n                                        \n                                        <div class=\"close-button-wrap\">\n                        <div class=\"fadetop\"><\/div>\n                        <div class=\"button-holder\">\n                                                            <!-- <button class=\"button-icon back-to-home\">Tilbake<\/button> -->\n                                <a class=\"button-icon back-to-home\" href=\"https:\/\/buesalmon.com\/no\/\">Tilbake<\/a>\n                                                    <\/div>\n                    <\/div>\n                    \n                <\/div>\n                <div class=\"right-col\">\n\n                                        <div class=\"the-content\">\n                        <p><strong>\u00d8yfolket<\/strong><\/p>\n<p>Folk og fisk henger sammen, og denne balansen m\u00e5 vi beskytte. Vi som bor her vet dette. Bulandet er et \u00f8ysamfunn rikt p\u00e5 tradisjoner for laksefiske. Her i havgapet, har b\u00e5de \u00f8yboere og fisk lenge jobbet med og mot elementene.<\/p>\n<p>I dag vever fiskere og oppdrettere sammen sine stolte tradisjoner med moderne innovasjoner, og fortsetter \u00e5 dra nytte av naturens krefter. Vi dyrker tilh\u00f8righeten og motstandskraften; egenskaper som alltid har gitt Bulandet sin sterke karakter.<\/p>\n<p>Laks har alltid v\u00e6rt en viktig del av v\u00e5r tradisjon. B\u00e5ndene mellom laksen og \u00f8yfolkene er tidl\u00f8se; begge finner sin vei motstr\u00f8ms, begge er sterke, allsidige og tilpasningsdyktige. I dag kan Bulandets fiskeb\u00f8nder avle laksen, i stedet for \u00e5 fange den.<strong><br \/>\n<\/strong><\/p>\n                    <\/div>\n                    \n                <\/div>\n            <\/div>\n\n        <\/div>\n\n\n    \n\n    <style>@-webkit-keyframes wave-text{00%{-webkit-transform:translateY(0em);transform:translateY(0em)}60%{-webkit-transform:translateY(0.03em);transform:translateY(0.03em)}to{-webkit-transform:translateY(0em);transform:translateY(0em)}}@keyframes wave-text{00%{-webkit-transform:translateY(0em);transform:translateY(0em)}60%{-webkit-transform:translateY(0.03em);transform:translateY(0.03em)}to{-webkit-transform:translateY(0em);transform:translateY(0em)}}section.pb-hero{position:relative}section.pb-hero a{color:inherit}section.pb-hero .back-to-home{display:-webkit-box;display:-ms-flexbox;display:flex;-webkit-box-align:center;-ms-flex-align:center;align-items:center;font-size:1rem;cursor:pointer;color:#333333;text-decoration:none}section.pb-hero .back-to-home:after,section.pb-hero .back-to-home:before{font-family:\"icomoon\";display:-webkit-box;display:-ms-flexbox;display:flex;-webkit-box-align:center;-ms-flex-align:center;align-items:center;-webkit-box-pack:center;-ms-flex-pack:center;justify-content:center;border-radius:50%;border:1px solid #333333;font-size:51%;color:#333333;-webkit-filter:drop-shadow(0 3px 6px rgba(51,51,51,0.3));filter:drop-shadow(0 3px 6px rgba(51,51,51,0.3));-webkit-transition:color 0.3s,background 0.3s;transition:color 0.3s,background 0.3s}@media screen and (min-width:90em){section.pb-hero .back-to-home:after,section.pb-hero .back-to-home:before{width:49px;height:49px}}@media screen and (max-width:89.9375em){section.pb-hero .back-to-home:after,section.pb-hero .back-to-home:before{width:43px;height:43px}}section.pb-hero .back-to-home:before{content:\"\\e900\"}@media screen and (min-width:90em){section.pb-hero .back-to-home:before{margin-right:1.3125rem}}@media screen and (max-width:89.9375em){section.pb-hero .back-to-home:before{margin-right:1.125rem}}section.pb-hero .back-to-home:hover:after,section.pb-hero .back-to-home:hover:before{background:#333333;color:#EDECE8}section.pb-hero.black .back-to-home,section.pb-hero.lightbrown .back-to-home,section.pb-hero.orange .back-to-home{color:#EDECE8}section.pb-hero.black .back-to-home:after,section.pb-hero.black .back-to-home:before,section.pb-hero.lightbrown .back-to-home:after,section.pb-hero.lightbrown .back-to-home:before,section.pb-hero.orange .back-to-home:after,section.pb-hero.orange .back-to-home:before{border-color:#EDECE8;color:#EDECE8}section.pb-hero.black .back-to-home:hover:after,section.pb-hero.black .back-to-home:hover:before,section.pb-hero.lightbrown .back-to-home:hover:after,section.pb-hero.lightbrown .back-to-home:hover:before,section.pb-hero.orange .back-to-home:hover:after,section.pb-hero.orange .back-to-home:hover:before{background:#EDECE8;color:#333333}section.pb-hero .bg-grid .bg-col{-ms-grid-column:1;-ms-grid-column-span:2;grid-column:1\/3;-ms-grid-row:1;-ms-grid-row-span:1;grid-row:1\/2}section.pb-hero .bg-grid .content-col{-ms-grid-column:1;-ms-grid-column-span:2;grid-column:1\/3;-ms-grid-row:1;-ms-grid-row-span:1;grid-row:1\/2;z-index:2}section.pb-hero .bg-grid{-webkit-transition:1s ease-in-out;transition:1s ease-in-out}section.pb-hero .bg-grid .bg-col{width:100%;overflow:hidden;position:relative;text-align:left}section.pb-hero .bg-grid .bg-col img,section.pb-hero .bg-grid .bg-col video{width:100%;height:100%;font-family:\"object-fit:cover\";-o-object-fit:cover;object-fit:cover;position:absolute;z-index:1}section.pb-hero .p5Canvas{width:100%!important;height:100%!important;position:absolute;top:0px;z-index:1}section.pb-hero.layout-2-col h1{line-height:1.1;font-weight:300}@media screen and (min-width:90em){section.pb-hero.layout-2-col h1{font-size:1.5625rem}}@media screen and (min-width:62em) and (max-width:89.9375em){section.pb-hero.layout-2-col h1{font-size:1.5625rem}}@media screen and (min-width:48em) and (max-width:61.9375em){section.pb-hero.layout-2-col h1{font-size:1.25rem}}@media screen and (max-width:47.9375em){section.pb-hero.layout-2-col h1{font-size:1.25rem}}section.pb-hero.layout-2-col h1:not(:last-child){margin-bottom:1.4375rem}section.pb-hero.layout-2-col .lead{font-weight:300;line-height:1.35}@media screen and (min-width:90em){section.pb-hero.layout-2-col .lead{font-size:1.5625rem}}@media screen and (min-width:62em) and (max-width:89.9375em){section.pb-hero.layout-2-col .lead{font-size:1.5625rem}}@media screen and (min-width:48em) and (max-width:61.9375em){section.pb-hero.layout-2-col .lead{font-size:1.25rem}}@media screen and (max-width:47.9375em){section.pb-hero.layout-2-col .lead{font-size:1.25rem}}section.pb-hero.layout-2-col .a-span{display:block}section.pb-hero.layout-2-col .a-span a{text-decoration:none}section.pb-hero.layout-2-col .email a,section.pb-hero.layout-2-col .phone a{-webkit-transition:opacity 0.3s;transition:opacity 0.3s}section.pb-hero.layout-2-col .email a:hover,section.pb-hero.layout-2-col .phone a:hover{opacity:0.8}@media screen and (max-width:61.9375em){section.pb-hero.layout-2-col .right-col.hide-on-mobile{display:none}}@media screen and (min-width:90em){section.pb-hero.layout-2-col .bg-grid .content-col{padding:7.25rem 0}}@media screen and (min-width:62em) and (max-width:89.9375em){section.pb-hero.layout-2-col .bg-grid .content-col{padding:5.625rem 0}}@media screen and (min-width:48em) and (max-width:61.9375em){section.pb-hero.layout-2-col .bg-grid .content-col{padding:4.625rem 0 4.625rem 0}section.pb-hero.layout-2-col .lead .email,section.pb-hero.layout-2-col .lead .phone{font-size:1.875rem}}@media screen and (max-width:47.9375em){section.pb-hero.layout-2-col .bg-grid .content-col{padding:5.25rem 0 5.25rem 0}section.pb-hero.layout-2-col .lead .email,section.pb-hero.layout-2-col .lead .phone{font-size:1.875rem}}@media screen and (min-width:106.25em){section.pb-hero.layout-2-col .structure-grid .left-col{-ms-grid-column:1;-ms-grid-column-span:4;grid-column:1\/5}section.pb-hero.layout-2-col .structure-grid .right-col{-ms-grid-column:7;-ms-grid-column-span:4;grid-column:7\/11}}@media screen and (min-width:90em) and (max-width:106.1875em){section.pb-hero.layout-2-col .structure-grid .left-col{-ms-grid-column:1;-ms-grid-column-span:5;grid-column:1\/6}section.pb-hero.layout-2-col .structure-grid .right-col{-ms-grid-column:7;-ms-grid-column-span:5;grid-column:7\/12}}@media screen and (min-width:62em) and (max-width:89.9375em){section.pb-hero.layout-2-col .structure-grid .left-col{-ms-grid-column:1;-ms-grid-column-span:6;grid-column:1\/7}section.pb-hero.layout-2-col .structure-grid .right-col{-ms-grid-column:7;-ms-grid-column-span:6;grid-column:7\/13}}@media screen and (min-width:48em) and (max-width:61.9375em){section.pb-hero.layout-2-col .structure-grid .left-col{-ms-grid-column:1;-ms-grid-column-span:5;grid-column:1\/6;-ms-grid-row:1;grid-row:1}section.pb-hero.layout-2-col .structure-grid .right-col{-ms-grid-column:1;-ms-grid-column-span:5;grid-column:1\/6;-ms-grid-row:2;grid-row:2}}@media screen and (max-width:47.9375em){section.pb-hero.layout-2-col .structure-grid .left-col{-ms-grid-column:1;-ms-grid-column-span:4;grid-column:1\/5}section.pb-hero.layout-2-col .structure-grid .right-col{-ms-grid-column:1;-ms-grid-column-span:4;grid-column:1\/5}}@media screen and (min-width:90em){section.pb-hero.layout-with-image{height:857px}}@media screen and (min-width:62em) and (max-width:89.9375em){section.pb-hero.layout-with-image{height:700px}}@media screen and (min-width:48em) and (max-width:61.9375em){section.pb-hero.layout-with-image{height:497px}}@media screen and (max-width:47.9375em){section.pb-hero.layout-with-image{height:505px}}section.pb-hero.layout-with-image h1{line-height:1.1;font-weight:300}@media screen and (min-width:106.25em){section.pb-hero.layout-with-image h1{font-size:3.9375rem}}@media screen and (min-width:90em) and (max-width:106.1875em){section.pb-hero.layout-with-image h1{font-size:3.125rem}}@media screen and (min-width:62em) and (max-width:89.9375em){section.pb-hero.layout-with-image h1{font-size:3.125rem}}@media screen and (min-width:48em) and (max-width:61.9375em){section.pb-hero.layout-with-image h1{font-size:2.5rem}}@media screen and (max-width:47.9375em){section.pb-hero.layout-with-image h1{font-size:2.5rem}}@media screen and (min-width:90em){section.pb-hero.layout-with-image h1:not(:last-child){margin-bottom:1.5625rem}}@media screen and (min-width:62em) and (max-width:89.9375em){section.pb-hero.layout-with-image h1:not(:last-child){margin-bottom:1.125rem}}@media screen and (min-width:48em) and (max-width:61.9375em){section.pb-hero.layout-with-image h1:not(:last-child){margin-bottom:1.125rem}}@media screen and (max-width:47.9375em){section.pb-hero.layout-with-image h1:not(:last-child){margin-bottom:1.125rem}}@media screen and (min-width:90em){section.pb-hero.layout-with-image .lead:not(:last-child){margin-bottom:2rem}}@media screen and (min-width:62em) and (max-width:89.9375em){section.pb-hero.layout-with-image .lead:not(:last-child){margin-bottom:2rem}}@media screen and (min-width:48em) and (max-width:61.9375em){section.pb-hero.layout-with-image .lead:not(:last-child){margin-bottom:2rem}}@media screen and (max-width:47.9375em){section.pb-hero.layout-with-image .lead:not(:last-child){margin-bottom:2rem}}section.pb-hero.layout-with-image .bg-grid{height:100%}@media screen and (min-width:106.25em){section.pb-hero.layout-with-image .bg-grid .content-col{padding:4.0625rem 0}}@media screen and (min-width:90em) and (max-width:106.1875em){section.pb-hero.layout-with-image .bg-grid .content-col{padding:4.0625rem 0}}@media screen and (min-width:62em) and (max-width:89.9375em){section.pb-hero.layout-with-image .bg-grid .content-col{padding:4.0625rem 0}}@media screen and (min-width:48em) and (max-width:61.9375em){section.pb-hero.layout-with-image .bg-grid .content-col{padding:4.625rem 0}}@media screen and (max-width:47.9375em){section.pb-hero.layout-with-image .bg-grid .content-col{padding:3rem 0}}section.pb-hero.layout-with-image .structure-grid{height:100%}section.pb-hero.layout-with-image .structure-grid .left-col{display:-webkit-box;display:-ms-flexbox;display:flex;-webkit-box-orient:vertical;-webkit-box-direction:normal;-ms-flex-flow:column nowrap;flex-flow:column nowrap}section.pb-hero.layout-with-image .structure-grid .left-col>div{margin-top:auto}section.pb-hero.layout-with-image .bg-grid .bg-col .gradient{width:100%;position:absolute;bottom:0;left:0;z-index:2;background:-webkit-gradient(linear,left bottom,left top,from(#333333),to(rgba(51,51,51,0)));background:linear-gradient(0deg,#333333 0%,rgba(51,51,51,0) 100%)}@media screen and (min-width:90em){section.pb-hero.layout-with-image .bg-grid .bg-col .gradient{height:429px}}@media screen and (min-width:62em) and (max-width:89.9375em){section.pb-hero.layout-with-image .bg-grid .bg-col .gradient{height:390px}}@media screen and (min-width:48em) and (max-width:61.9375em){section.pb-hero.layout-with-image .bg-grid .bg-col .gradient{height:350px}}@media screen and (max-width:47.9375em){section.pb-hero.layout-with-image .bg-grid .bg-col .gradient{height:290px}}@media screen and (min-width:106.25em){section.pb-hero.layout-with-image .structure-grid .left-col{-ms-grid-column:1;-ms-grid-column-span:4;grid-column:1\/5}}@media screen and (min-width:90em) and (max-width:106.1875em){section.pb-hero.layout-with-image .structure-grid .left-col{-ms-grid-column:1;-ms-grid-column-span:5;grid-column:1\/6}}@media screen and (min-width:62em) and (max-width:89.9375em){section.pb-hero.layout-with-image .structure-grid .left-col{-ms-grid-column:1;-ms-grid-column-span:6;grid-column:1\/7}}@media screen and (min-width:48em) and (max-width:61.9375em){section.pb-hero.layout-with-image .structure-grid .left-col{-ms-grid-column:1;-ms-grid-column-span:4;grid-column:1\/5}}@media screen and (max-width:47.9375em){section.pb-hero.layout-with-image .structure-grid .left-col{-ms-grid-column:1;-ms-grid-column-span:4;grid-column:1\/5}}@media screen and (min-width:106.25em){section.pb-hero.layout-standard .block-inner{padding:4.0625rem 0}}@media screen and (min-width:90em) and (max-width:106.1875em){section.pb-hero.layout-standard .block-inner{padding:4.0625rem 0}}@media screen and (min-width:62em) and (max-width:89.9375em){section.pb-hero.layout-standard .block-inner{padding:4.0625rem 0}}@media screen and (min-width:48em) and (max-width:61.9375em){section.pb-hero.layout-standard .block-inner{padding:4.625rem 0}}@media screen and (max-width:47.9375em){section.pb-hero.layout-standard .block-inner{padding:3rem 0}}section.pb-hero.layout-standard .lead{font-weight:300;line-height:1.35}@media screen and (min-width:90em){section.pb-hero.layout-standard .lead{font-size:1.5625rem}}@media screen and (min-width:62em) and (max-width:89.9375em){section.pb-hero.layout-standard .lead{font-size:1.5625rem}}@media screen and (min-width:48em) and (max-width:61.9375em){section.pb-hero.layout-standard .lead{font-size:1.25rem}}@media screen and (max-width:47.9375em){section.pb-hero.layout-standard .lead{font-size:1.25rem}}section.pb-hero.layout-standard h1{line-height:1.1;font-weight:300}@media screen and (min-width:106.25em){section.pb-hero.layout-standard h1{font-size:3.9375rem}section.pb-hero.layout-standard h1.front{font-size:5.1875rem}}@media screen and (min-width:90em) and (max-width:106.1875em){section.pb-hero.layout-standard h1{font-size:3.9375rem}section.pb-hero.layout-standard h1.front{font-size:4.625rem}}@media screen and (min-width:1430px) and (max-width:1450px){section.pb-hero.layout-standard h1{font-size:3.125rem}}@media screen and (min-width:62em) and (max-width:89.9375em){section.pb-hero.layout-standard h1{font-size:3.625rem}}@media screen and (min-width:48em) and (max-width:61.9375em){section.pb-hero.layout-standard h1{font-size:3.125rem}}@media screen and (max-width:47.9375em){section.pb-hero.layout-standard h1{font-size:2.9375rem}}@media screen and (min-width:90em){section.pb-hero.layout-standard h1:not(:last-child){margin-bottom:2.5rem}section.pb-hero.layout-standard .lead:not(:last-child){margin-bottom:5rem}}@media screen and (min-width:62em) and (max-width:89.9375em){section.pb-hero.layout-standard h1:not(:last-child){margin-bottom:2.5rem}section.pb-hero.layout-standard .lead:not(:last-child){margin-bottom:3.75rem}}@media screen and (min-width:48em) and (max-width:61.9375em){section.pb-hero.layout-standard h1:not(:last-child){margin-bottom:3.125rem}section.pb-hero.layout-standard .lead:not(:last-child){margin-bottom:3.125rem}}@media screen and (max-width:47.9375em){section.pb-hero.layout-standard h1:not(:last-child){margin-bottom:2.5rem}section.pb-hero.layout-standard .lead:not(:last-child){margin-bottom:2.5rem}}@media screen and (min-width:90em){section.pb-hero.layout-standard .structure-grid .left-col{-ms-grid-column:1;-ms-grid-column-span:5;grid-column:1\/6}section.pb-hero.layout-standard .structure-grid .right-col{-ms-grid-column:7;-ms-grid-column-span:6;grid-column:7\/13}}@media screen and (min-width:62em) and (max-width:89.9375em){section.pb-hero.layout-standard .structure-grid .left-col{-ms-grid-column:1;-ms-grid-column-span:5;grid-column:1\/6}section.pb-hero.layout-standard .structure-grid .right-col{-ms-grid-column:7;-ms-grid-column-span:6;grid-column:7\/13}}@media screen and (min-width:48em) and (max-width:61.9375em){section.pb-hero.layout-standard .structure-grid .left-col{-ms-grid-column:1;-ms-grid-column-span:4;grid-column:1\/5}section.pb-hero.layout-standard .structure-grid .right-col{-ms-grid-column:5;-ms-grid-column-span:4;grid-column:5\/9}}@media screen and (max-width:47.9375em){section.pb-hero.layout-standard .structure-grid .left-col{-ms-grid-column:1;-ms-grid-column-span:4;grid-column:1\/5}section.pb-hero.layout-standard .structure-grid .right-col{-ms-grid-column:1;-ms-grid-column-span:4;grid-column:1\/5}}@media screen and (max-width:89.9375em){section.pb-hero.layout-standard .close-button-wrap{position:fixed;left:0;bottom:0;z-index:5;display:block;-webkit-transition:opacity 0.3s;transition:opacity 0.3s}section.pb-hero.layout-standard .close-button-wrap .fadetop{height:40px;display:block;background:-webkit-gradient(linear,left bottom,left top,from(#EDECE8),to(rgba(237,236,232,0)));background:linear-gradient(0deg,#EDECE8 0%,rgba(237,236,232,0) 100%)}section.pb-hero.layout-standard .close-button-wrap .button-holder{background:#EDECE8}section.pb-hero.layout-standard .close-button-wrap.hide{opacity:0;pointer-events:none;-webkit-transition:opacity 0.3s;transition:opacity 0.3s}section.pb-hero.layout-standard.black .close-button-wrap .fadetop{background:-webkit-gradient(linear,left bottom,left top,from(#333333),to(rgba(51,51,51,0)));background:linear-gradient(0deg,#333333 0%,rgba(51,51,51,0) 100%)}section.pb-hero.layout-standard.black .close-button-wrap .button-holder{background:#333333}section.pb-hero.layout-standard.lightbrown .close-button-wrap .fadetop{background:-webkit-gradient(linear,left bottom,left top,from(#B2ABA1),to(rgba(178,171,161,0)));background:linear-gradient(0deg,#B2ABA1 0%,rgba(178,171,161,0) 100%)}section.pb-hero.layout-standard.lightbrown .close-button-wrap .button-holder{background:#B2ABA1}section.pb-hero.layout-standard.orange .close-button-wrap .fadetop{background:-webkit-gradient(linear,left bottom,left top,from(#A16C2E),to(rgba(51,51,51,0)));background:linear-gradient(0deg,#A16C2E 0%,rgba(51,51,51,0) 100%)}section.pb-hero.layout-standard.orange .close-button-wrap .button-holder{background:#A16C2E}}@media screen and (min-width:62em) and (max-width:89.9375em){section.pb-hero.layout-standard .close-button-wrap{width:49.4%}section.pb-hero.layout-standard .close-button-wrap .button-holder{padding-top:1.25rem;padding-bottom:65px;padding-left:48px;padding-right:48px}}@media screen and (min-width:48em) and (max-width:61.9375em){section.pb-hero.layout-standard .close-button-wrap{width:49.4%}section.pb-hero.layout-standard .close-button-wrap .button-holder{padding-top:1.25rem;padding-bottom:74px;padding-left:48px;padding-right:48px}}@media screen and (max-width:47.9375em){section.pb-hero.layout-standard .close-button-wrap{width:100%}section.pb-hero.layout-standard .close-button-wrap .button-holder{padding-top:0.5rem;padding-bottom:48px;padding-left:36px;padding-right:36px}}@media screen and (min-width:106.25em){body:not(.wp-admin) section.pb-hero.layout-standard:first-child{padding-top:14.4375rem}}@media screen and (min-width:90em) and (max-width:106.1875em){body:not(.wp-admin) section.pb-hero.layout-standard:first-child{padding-top:13.1875rem}}@media screen and (min-width:62em) and (max-width:89.9375em){body:not(.wp-admin) section.pb-hero.layout-standard:first-child{padding-top:11.9375rem}}@media screen and (min-width:48em) and (max-width:61.9375em){body:not(.wp-admin) section.pb-hero.layout-standard:first-child{padding-top:9.4375rem}}@media screen and (max-width:47.9375em){body:not(.wp-admin) section.pb-hero.layout-standard:first-child{padding-top:10.6875rem}}@media screen and (min-width:106.25em){body:not(.wp-admin) section.pb-hero.layout-standard:last-child .block-inner{padding-bottom:10.5625rem}}@media screen and (min-width:90em) and (max-width:106.1875em){body:not(.wp-admin) section.pb-hero.layout-standard:last-child .block-inner{padding-bottom:9.375rem}}@media screen and (min-width:62em) and (max-width:89.9375em){body:not(.wp-admin) section.pb-hero.layout-standard:last-child .block-inner{padding-bottom:9.0625rem}}@media screen and (min-width:48em) and (max-width:61.9375em){body:not(.wp-admin) section.pb-hero.layout-standard:last-child .block-inner{padding-bottom:8.4375rem}}@media screen and (max-width:47.9375em){body:not(.wp-admin) section.pb-hero.layout-standard:last-child .block-inner{padding-bottom:3.75rem}}@media screen and (min-width:106.25em){body:not(.wp-admin) section.pb-hero.layout-2-col:first-child .bg-grid .content-col{padding-top:14.4375rem}}@media screen and (min-width:90em) and (max-width:106.1875em){body:not(.wp-admin) section.pb-hero.layout-2-col:first-child .bg-grid .content-col{padding-top:13.1875rem}}@media screen and (min-width:62em) and (max-width:89.9375em){body:not(.wp-admin) section.pb-hero.layout-2-col:first-child .bg-grid .content-col{padding-top:11.9375rem}}@media screen and (min-width:48em) and (max-width:61.9375em){body:not(.wp-admin) section.pb-hero.layout-2-col:first-child .bg-grid .content-col{padding-top:9.4375rem}}@media screen and (max-width:47.9375em){body:not(.wp-admin) section.pb-hero.layout-2-col:first-child .bg-grid .content-col{padding-top:10.6875rem}}<\/style>    \n<\/section>","protected":false},"excerpt":{"rendered":"<p class=\"lead\">Bue islanders work with, against, and in one with the elements. Here resistance builds character and communities. The strong currents create resilient, healthier fish \u2013 and folks too. <\/p>\n","protected":false},"author":1,"featured_media":3457,"parent":3626,"menu_order":0,"comment_status":"closed","ping_status":"closed","template":"","meta":{"_acf_changed":false,"footnotes":""},"class_list":["post-3623","page","type-page","status-publish","has-post-thumbnail","hentry"],"acf":[],"_links":{"self":[{"href":"https:\/\/buesalmon.com\/no\/wp-json\/wp\/v2\/pages\/3623","targetHints":{"allow":["GET"]}}],"collection":[{"href":"https:\/\/buesalmon.com\/no\/wp-json\/wp\/v2\/pages"}],"about":[{"href":"https:\/\/buesalmon.com\/no\/wp-json\/wp\/v2\/types\/page"}],"author":[{"embeddable":true,"href":"https:\/\/buesalmon.com\/no\/wp-json\/wp\/v2\/users\/1"}],"replies":[{"embeddable":true,"href":"https:\/\/buesalmon.com\/no\/wp-json\/wp\/v2\/comments?post=3623"}],"version-history":[{"count":10,"href":"https:\/\/buesalmon.com\/no\/wp-json\/wp\/v2\/pages\/3623\/revisions"}],"predecessor-version":[{"id":4088,"href":"https:\/\/buesalmon.com\/no\/wp-json\/wp\/v2\/pages\/3623\/revisions\/4088"}],"up":[{"embeddable":true,"href":"https:\/\/buesalmon.com\/no\/wp-json\/wp\/v2\/pages\/3626"}],"wp:featuredmedia":[{"embeddable":true,"href":"https:\/\/buesalmon.com\/no\/wp-json\/wp\/v2\/media\/3457"}],"wp:attachment":[{"href":"https:\/\/buesalmon.com\/no\/wp-json\/wp\/v2\/media?parent=3623"}],"curies":[{"name":"wp","href":"https:\/\/api.w.org\/{rel}","templated":true}]}}